{"id":1590,"date":"2024-07-22T14:51:43","date_gmt":"2024-07-22T18:51:43","guid":{"rendered":"https:\/\/crf.wmwl.ca\/terms-and-conditions\/"},"modified":"2024-07-22T14:56:15","modified_gmt":"2024-07-22T18:56:15","slug":"terms-and-conditions","status":"publish","type":"page","link":"https:\/\/agritech.thegroapp.com\/fr\/terms-and-conditions\/","title":{"rendered":"Termes et conditions"},"content":{"rendered":"&#13;\n<h2 class=\"wp-block-heading\">Acceptation et droit d\u2019auteur<\/h2>&#13;\n&#13;\n<p>CRF Agritech (ci-apr\u00e8s d\u00e9nomm\u00e9e \u00ab <strong>nous<\/strong> \u00bb, \u00ab <strong>notre<\/strong> \u00bb et \u00ab <strong>nos<\/strong> \u00bb) vous souhaite la bienvenue sur son site Web, sollio.ag (ci-apr\u00e8s d\u00e9nomm\u00e9 le \u00ab <strong>site Web<\/strong> \u00bb).\nLe site Web est g\u00e9r\u00e9 par CRF Agritech avec l\u2019aide de ses partenaires, le cas \u00e9ch\u00e9ant.\nLe site Web et son contenu sont la propri\u00e9t\u00e9 de CRF Agritech et de ses soci\u00e9t\u00e9s affili\u00e9es.\nIls sont prot\u00e9g\u00e9s par le droit d\u2019auteur, les trait\u00e9s internationaux et d\u2019autres lois.   <\/p>&#13;\n<p>Vous devez lire attentivement les conditions d\u2019utilisation (ci-apr\u00e8s d\u00e9nomm\u00e9es les \u00ab\u00a0<strong>TCU<\/strong>\u00a0\u00bb) avant de naviguer sur notre site Web.\nCet accord est valide pour une p\u00e9riode ind\u00e9termin\u00e9e, prend effet au moment o\u00f9 vous acc\u00e9dez au site Web et cr\u00e9e des obligations l\u00e9gales. <\/p>&#13;\n<p>En naviguant sur le site Web, l\u2019utilisateur du site Web (ci-apr\u00e8s d\u00e9nomm\u00e9 \u00ab\u00a0<strong>vous<\/strong>\u00a0\u00bb, l&rsquo;\u00ab<strong>utilisateur<\/strong>\u00a0\u00bb) comprend, accepte et accepte d\u2019\u00eatre li\u00e9 par ces TCU.\nEn outre, l\u2019utilisateur s\u2019engage \u00e0 ne pas utiliser le site Web d\u2019une mani\u00e8re qui pourrait contrevenir aux lois, directives ou r\u00e9glementations applicables ou qui pourrait nuire \u00e0 nous ou \u00e0 nos filiales, soci\u00e9t\u00e9s affili\u00e9es ou fournisseurs. <\/p>&#13;\n<p>Nous nous r\u00e9servons le droit de modifier ces TCU \u00e0 tout moment.\nChaque fois que vous visitez le site Web, vous serez r\u00e9put\u00e9 avoir lu et accept\u00e9 toute modification de la TCU, y compris la politique de confidentialit\u00e9, en utilisant le site Web. <\/p>&#13;\n<p><strong>Si, \u00e0 tout moment, l\u2019utilisateur n\u2019accepte pas ces TCU ou la politique de confidentialit\u00e9, nous demandons \u00e0 l\u2019utilisateur de cesser de naviguer sur le site Web, de consulter son contenu et d\u2019utiliser les services offerts sur le site Web.\nNous ne sommes pas responsables des dommages, probl\u00e8mes ou inconv\u00e9nients pouvant d\u00e9couler de la navigation sur le site Web.\nSi l\u2019utilisateur subit un pr\u00e9judice ou est en d\u00e9saccord de quelque mani\u00e8re que ce soit avec les dispositions de ces TCU et \/ ou la politique de confidentialit\u00e9, le seul recours de l\u2019utilisateur est de quitter le site Web et \/ ou de demander par \u00e9crit que nous supprimions le compte de l\u2019utilisateur, le cas \u00e9ch\u00e9ant.  <\/strong><\/p>&#13;\n<p><strong>Utilisations permises<br\/>Nom d\u2019utilisateur et mot de passe<br\/>Utilisations interdites<br\/>Contenu du site Web<br\/>Propri\u00e9t\u00e9 intellectuelle<br\/>Liens vers d\u2019autres sites Web<br\/>Confidentialit\u00e9 des renseignements personnels<br\/>Clause de non-responsabilit\u00e9 et limitation de responsabilit\u00e9<br\/>Indemnit\u00e9<br\/>Loi applicable<br\/><\/strong><\/p>&#13;\n<p>\u00a0<\/p>&#13;\n&#13;\n<h2 class=\"wp-block-heading\">Utilisations permises<\/h2>&#13;\n&#13;\n<p>L\u2019utilisateur peut consulter le site Web et, sous r\u00e9serve de toute restriction ou limitation sp\u00e9cifique sur tout \u00e9l\u00e9ment du site Web, t\u00e9l\u00e9charger, imprimer et faire une copie \u00e9lectronique de certaines parties du site Web pour un usage personnel et non commercial uniquement.\nL\u2019Utilisateur ne peut pas modifier, copier (sauf comme indiqu\u00e9 dans la phrase pr\u00e9c\u00e9dente), distribuer, transmettre, afficher, afficher, reproduire, publier, conc\u00e9der sous licence, cr\u00e9er des \u0153uvres d\u00e9riv\u00e9es, fusionner avec d\u2019autres donn\u00e9es, ou transf\u00e9rer ou vendre sous quelque forme que ce soit, en tout ou en partie, toute information, mat\u00e9riel, logiciel, produit ou service contenu sur le site Web. <\/p>&#13;\n<p>Le harc\u00e8lement sous quelque forme que ce soit, y compris l\u2019utilisation d\u2019un langage obsc\u00e8ne ou abusif dans des courriels ou d\u2019autres communications, est interdit sur le site Web.\nIl est \u00e9galement interdit de perturber ou d\u2019usurper l\u2019identit\u00e9 de nos employ\u00e9s, repr\u00e9sentants ou autres membres ou visiteurs du site Web.\nEn outre, vous ne pouvez pas t\u00e9l\u00e9charger, distribuer ou autrement publier sur le site Web tout mat\u00e9riel ou message qui est diffamatoire, obsc\u00e8ne, mena\u00e7ant, abusif, envahissant la vie priv\u00e9e d\u2019autrui, ou qui est autrement r\u00e9pr\u00e9hensible ou qui constituerait ou encouragerait une infraction criminelle, violerait les droits de toute personne, donnerait lieu \u00e0 une responsabilit\u00e9 ou violerait autrement toute loi.\nVous ne pouvez pas t\u00e9l\u00e9charger de messages commerciaux sur le site Web ou utiliser le site Web pour solliciter d\u2019autres personnes \u00e0 se joindre ou \u00e0 devenir membres de tout autre service ou organisation commercial en ligne.   <\/p>&#13;\n&#13;\n<h2 class=\"wp-block-heading\">Nom d\u2019utilisateur et mot de passe<\/h2>&#13;\n&#13;\n<p>L\u2019Utilisateur est seul responsable de garder son nom d\u2019utilisateur et son mot de passe confidentiels \u00e0 tout moment, \u00e9tant entendu que nous ne pouvons \u00eatre tenus responsables de toute utilisation non autoris\u00e9e d\u2019un compte d\u2019utilisateur.\nSi la confidentialit\u00e9 de ces informations est compromise, l\u2019Utilisateur doit nous contacter par e-mail d\u00e8s que possible pour emp\u00eacher l\u2019utilisation frauduleuse de l\u2019identit\u00e9 de l\u2019Utilisateur.\nNous d\u00e9clinons toute responsabilit\u00e9 pour toute perte d\u00e9coulant du non-respect par l\u2019Utilisateur des mesures de s\u00e9curit\u00e9 \u00e9nonc\u00e9es dans les pr\u00e9sentes CGU.  <\/p>&#13;\n<p>Nous recommandons fortement \u00e0 l\u2019utilisateur de lire la section <strong> Clause de non-responsabilit\u00e9 et limitation de responsabilit\u00e9 <\/strong> ci-dessous pour plus d\u2019informations sur l\u2019\u00e9tendue de la responsabilit\u00e9 de l\u2019Utilisateur en ce qui concerne l\u2019utilisation des services disponibles sur le Site Web.<\/p>&#13;\n&#13;\n<h2 class=\"wp-block-heading\">Utilisations interdites<\/h2>&#13;\n&#13;\n<p>Il est interdit de voler le nom, le nom d\u2019utilisateur ou le mot de passe d\u2019une personne permettant \u00e0 un autre utilisateur d\u2019acc\u00e9der au site Web ou \u00e0 ses services.<\/p>&#13;\n<p>L\u2019Utilisateur est responsable du respect de toutes les lois applicables.\nToute personne qui utilise le site Web en violation de cette disposition ou de toute autre disposition \u00e9nonc\u00e9e dans les pr\u00e9sentes le fait \u00e0 ses propres risques.\nSi une disposition du pr\u00e9sent accord est jug\u00e9e invalide ou inapplicable en vertu de la loi applicable, cette disposition sera r\u00e9put\u00e9e remplac\u00e9e par une disposition valide et ex\u00e9cutoire qui correspond le mieux \u00e0 l\u2019intention de la disposition originale, et le reste de cet accord continuera de s\u2019appliquer.  <\/p>&#13;\n<p>Bien que nous nous r\u00e9servions le droit de supprimer certaines donn\u00e9es ou certains contenus \u00e0 notre propre discr\u00e9tion, il s\u2019agit d\u2019une option plut\u00f4t que d\u2019une obligation.<\/p>&#13;\n&#13;\n<h2 class=\"wp-block-heading\">Contenu du site Web<\/h2>&#13;\n&#13;\n<p>Sauf indication contraire, le contenu des pages du site Web est fourni \u00e0 titre informatif seulement.<\/p>&#13;\n<p>Les donn\u00e9es et les renseignements fournis par CRF Agritech et d\u2019autres sources sont consid\u00e9r\u00e9s comme fiables au moment de la publication.\nCependant, CRF Agritech ne peut garantir qu\u2019ils sont toujours exacts, complets ou \u00e0 jour. <\/p>&#13;\n&#13;\n<h2 class=\"wp-block-heading\">Propri\u00e9t\u00e9 intellectuelle<\/h2>&#13;\n&#13;\n<p>La forme et le contenu du site Web (y compris, mais sans s\u2019y limiter, ses interfaces graphiques, les marques de commerce et logos actuels et futurs qui nous appartiennent et toutes leurs variantes qui apparaissent sur le site Web, l\u2019outil de navigation, le logiciel et tous les documents connexes, ainsi que le nom de domaine sollio.ag, les sites Web connexes et tous les autres noms de domaine et sites Web que nous cr\u00e9ons et maintenons) sont prot\u00e9g\u00e9s par le droit d\u2019auteur et \/ ou les lois applicables en mati\u00e8re de propri\u00e9t\u00e9 intellectuelle.\nL\u2019Utilisateur reconna\u00eet et accepte que ce (le \u00ab\u00a0<strong>Contenu prot\u00e9g\u00e9<\/strong>\u00a0\u00bb) reste la propri\u00e9t\u00e9 exclusive de nous ou de nos partenaires, selon le cas. <\/p>&#13;\n<p>Rien sur le site Web ne doit \u00eatre interpr\u00e9t\u00e9 comme accordant (implicitement, pr\u00e9clusion ou autrement) une licence ou un droit d\u2019utiliser une marque de commerce ou un contenu prot\u00e9g\u00e9 sans notre autorisation \u00e9crite pr\u00e9alable.<\/p>&#13;\n<p>L\u2019Utilisateur s\u2019engage \u00e0 ne pas contester ou enfreindre, directement ou indirectement, les droits ci-dessus en relation avec le Contenu Prot\u00e9g\u00e9.\nL\u2019utilisateur s\u2019engage \u00e9galement \u00e0 ne pas copier, modifier, reproduire, cr\u00e9er des \u0153uvres d\u00e9riv\u00e9es, republier, t\u00e9l\u00e9charger, transmettre ou distribuer sur tout autre support ou par tout moyen, en tout ou en partie, toute information g\u00e9n\u00e9r\u00e9e ou publi\u00e9e sur le site Web sans notre consentement \u00e9crit pr\u00e9alable. <\/p>&#13;\n<p>Nous pouvons, \u00e0 notre seule discr\u00e9tion, ajouter ou supprimer tout ou partie de ces services \u00e0 tout moment et sans pr\u00e9avis.<\/p>&#13;\n&#13;\n<h2 class=\"wp-block-heading\">Liens vers d\u2019autres sites Web<\/h2>&#13;\n&#13;\n<p>Le site Web peut contenir des liens vers d\u2019autres sites Web qui sont d\u00e9tenus et exploit\u00e9s par des tiers.\nComme il s\u2019agit de tiers avec lesquels nous n\u2019avons aucune affiliation, nous n\u2019avons aucun contr\u00f4le sur ces sites Web li\u00e9s, dont les pratiques de collecte de donn\u00e9es et de confidentialit\u00e9 sont distinctes et ind\u00e9pendantes des n\u00f4tres.\nPar cons\u00e9quent, nous ne pouvons \u00eatre tenus responsables et ne donner aucune garantie quant \u00e0 l\u2019exactitude, l\u2019actualit\u00e9 ou l\u2019exhaustivit\u00e9 des informations contenues sur ces sites Web.  <\/p>&#13;\n<p>L\u2019inclusion de liens vers d\u2019autres sites Web sur le site Web ne doit pas \u00eatre consid\u00e9r\u00e9e comme impliquant que nous parrainons, approuvons, sommes affili\u00e9s ou associ\u00e9s \u00e0, ou sommes l\u00e9galement autoris\u00e9s \u00e0 utiliser une marque de commerce, un nom commercial, une marque de service, une image, un logo, un symbole ou tout autre mat\u00e9riel prot\u00e9g\u00e9 par le droit d\u2019auteur affich\u00e9 sur ou accessible via ces sites Web.<\/p>&#13;\n&#13;\n<h2 class=\"wp-block-heading\">Confidentialit\u00e9 des renseignements personnels<\/h2>&#13;\n&#13;\n<p>Sollio.ag respecte votre droit \u00e0 la confidentialit\u00e9 de vos renseignements personnels. Veuillez consulter notre Politique de confidentialit\u00e9 pour plus d\u2019informations sur la fa\u00e7on dont nous recueillons, utilisons, divulguons et g\u00e9rons vos informations personnelles.<\/p>&#13;\n&#13;\n<h2 class=\"wp-block-heading\">Clause de non-responsabilit\u00e9 et limitation de responsabilit\u00e9<\/h2>&#13;\n&#13;\n<h3 class=\"wp-block-heading\">G\u00e9n\u00e9ralit\u00e9s<\/h3>&#13;\n&#13;\n<p>Bien que nous nous efforcions de fournir des informations actuelles et exactes sur le site Web, des erreurs ou des omissions peuvent survenir. Par cons\u00e9quent, nous ne faisons aucune d\u00e9claration et ne donnons aucune garantie quant \u00e0 l\u2019exactitude ou \u00e0 la fiabilit\u00e9 des informations contenues sur ce site Web ou sur tout autre site Web.<\/p>&#13;\n&#13;\n<h3 class=\"wp-block-heading\">Aucune garantie<\/h3>&#13;\n&#13;\n<p>Le site Web et le contenu, les informations, les services et les produits fournis sur le site Web, y compris le texte, les graphiques et les liens, sont fournis \u00ab\u00a0tels quels\u00a0\u00bb sans garantie d\u2019aucune sorte, expresse ou implicite. Dans toute la mesure permise par la loi, nous d\u00e9clinons toute garantie, expresse ou implicite, y compris les garanties implicites de qualit\u00e9 marchande et d\u2019ad\u00e9quation \u00e0 un usage particulier, d\u2019absence de contrefa\u00e7on et d\u2019absence de virus informatiques, et les garanties d\u00e9coulant de la conduite des affaires ou de l\u2019ex\u00e9cution. Nous ne repr\u00e9sentons ni ne garantissons que les fonctions contenues dans le site Web seront ininterrompues ou exemptes d\u2019erreurs, que les d\u00e9fauts seront corrig\u00e9s, ou que le site Web ou le serveur qui le rend disponible sont exempts de virus ou d\u2019autres composants nuisibles. Nous ne donnons aucune garantie ou repr\u00e9sentation quant \u00e0 l\u2019int\u00e9grit\u00e9, la coh\u00e9rence, l\u2019exactitude, l\u2019ad\u00e9quation, l\u2019utilit\u00e9, l\u2019actualit\u00e9, la fiabilit\u00e9 ou toute autre qualit\u00e9 des composants du site Web. Vous ne devriez pas agir ou vous fier \u00e0 ce contenu sans d\u2019abord consulter un conseiller agritech de CRF.<\/p>&#13;\n<p>En aucun cas, nous ne serons tenus responsables de tout dommage direct, indirect, sp\u00e9cial ou punitif ou de toute perte financi\u00e8re, m\u00eame si nous avons \u00e9t\u00e9 inform\u00e9s de la possibilit\u00e9 de tels dommages, qu\u2019ils soient bas\u00e9s sur la responsabilit\u00e9 contractuelle, extracontractuelle ou civile ou toute autre th\u00e9orie juridique d\u00e9coulant de ou en relation avec l\u2019utilisation, l\u2019incapacit\u00e9 d\u2019utiliser,  ou la performance des services ou produits offerts et toute information ou message contenu sur le site Web. Cette limitation de responsabilit\u00e9 s\u2019appliquera malgr\u00e9 l\u2019\u00e9chec de tout recours limit\u00e9 disponible en droit.<\/p>&#13;\n<p>Vous utilisez le site Web \u00e0 vos propres risques et vous acceptez de ne pas pr\u00e9tendre le contraire.<\/p>&#13;\n&#13;\n<h3 class=\"wp-block-heading\">Erreurs et inexactitudes<\/h3>&#13;\n&#13;\n<p>Nous ne garantissons pas l\u2019absence d\u2019erreurs ou l\u2019exactitude, la disponibilit\u00e9, la fiabilit\u00e9 ou la s\u00e9curit\u00e9 du contenu du site Web ou de tout lien, produit ou fonctionnalit\u00e9. Les produits ne sont pas toujours disponibles et peuvent \u00eatre modifi\u00e9s, substitu\u00e9s ou supprim\u00e9s \u00e0 tout moment.<\/p>&#13;\n&#13;\n<h2 class=\"wp-block-heading\">Indemnit\u00e9<\/h2>&#13;\n&#13;\n<p>L\u2019utilisateur accepte par la pr\u00e9sente de nous indemniser et de nous d\u00e9gager de toute responsabilit\u00e9 (y compris les honoraires d\u2019avocats raisonnables) de toute perte subie, y compris dans le cas o\u00f9 une action en justice est intent\u00e9e contre CRF Agritech ou l\u2019une de ses soci\u00e9t\u00e9s affili\u00e9es, \u00e0 la suite de toute violation de ces TCU par l\u2019utilisateur ou par tout utilisateur en possession du mot de passe de l\u2019utilisateur qui permet d\u2019acc\u00e9der au compte de l\u2019utilisateur.<\/p>&#13;\n&#13;\n<h2 class=\"wp-block-heading\">Loi applicable<\/h2>&#13;\n&#13;\n<p>Ces TCU sont r\u00e9gies par les lois en vigueur dans la province de Qu\u00e9bec, et tout litige sera soumis aux tribunaux comp\u00e9tents de la province de Qu\u00e9bec, dans le district de Montr\u00e9al. Si une disposition de ces TCU est jug\u00e9e invalide par un tribunal comp\u00e9tent, cette invalidit\u00e9 n\u2019affectera aucune autre disposition, et la disposition invalide sera dissoci\u00e9e des dispositions restantes de ces TCU, qui resteront en vigueur et de plein effet.<\/p>&#13;\n<p>Si l\u2019Utilisateur subit un pr\u00e9judice ou est en d\u00e9saccord de quelque mani\u00e8re que ce soit avec les dispositions de ces TCU, le seul recours de l\u2019Utilisateur est de quitter le Site.<\/p>&#13;\n<p>Le TCU et toute autre information juridique affich\u00e9e sur le site Web constituent l\u2019int\u00e9gralit\u00e9 de l\u2019accord entre CRF Agritech et l\u2019utilisateur en ce qui concerne l\u2019utilisation du site Web et de son contenu.<\/p>&#13;\n<p><strong>Mise \u00e0 jour : mars 2023<\/strong><\/p>&#13;\n","protected":false},"excerpt":{"rendered":"<p>&#13; Acceptation et droit d\u2019auteur &#13; &#13; CRF Agritech (ci-apr\u00e8s d\u00e9nomm\u00e9e \u00ab nous \u00bb, \u00ab notre \u00bb et \u00ab nos \u00bb) vous souhaite la bienvenue sur son site Web, sollio.ag (ci-apr\u00e8s d\u00e9nomm\u00e9 le \u00ab site Web \u00bb). Le site Web est g\u00e9r\u00e9 par CRF Agritech avec l\u2019aide de ses partenaires, le cas \u00e9ch\u00e9ant. Le site [&hellip;]<\/p>\n","protected":false},"author":9,"featured_media":0,"parent":0,"menu_order":0,"comment_status":"closed","ping_status":"closed","template":"","meta":{"footnotes":""},"class_list":["post-1590","page","type-page","status-publish","hentry"],"yoast_head":"<!-- This site is optimized with the Yoast SEO plugin v27.3 - https:\/\/yoast.com\/product\/yoast-seo-wordpress\/ -->\n<title>Termes et conditions - CRF Agritech<\/title>\n<meta name=\"robots\" content=\"noindex, follow, max-snippet:-1, max-image-preview:large, max-video-preview:-1\" \/>\n<meta property=\"og:locale\" content=\"fr_FR\" \/>\n<meta property=\"og:type\" content=\"article\" \/>\n<meta property=\"og:title\" content=\"Termes et conditions - CRF Agritech\" \/>\n<meta property=\"og:description\" content=\"&#013; Acceptation et droit d\u2019auteur &#013; &#013; CRF Agritech (ci-apr\u00e8s d\u00e9nomm\u00e9e \u00ab nous \u00bb, \u00ab notre \u00bb et \u00ab nos \u00bb) vous souhaite la bienvenue sur son site Web, sollio.ag (ci-apr\u00e8s d\u00e9nomm\u00e9 le \u00ab site Web \u00bb). Le site Web est g\u00e9r\u00e9 par CRF Agritech avec l\u2019aide de ses partenaires, le cas \u00e9ch\u00e9ant. Le site [&hellip;]\" \/>\n<meta property=\"og:url\" content=\"https:\/\/agritech.thegroapp.com\/fr\/terms-and-conditions\/\" \/>\n<meta property=\"og:site_name\" content=\"CRF Agritech\" \/>\n<meta property=\"article:modified_time\" content=\"2024-07-22T18:56:15+00:00\" \/>\n<meta name=\"twitter:card\" content=\"summary_large_image\" \/>\n<meta name=\"twitter:label1\" content=\"Dur\u00e9e de lecture estim\u00e9e\" \/>\n\t<meta name=\"twitter:data1\" content=\"8 minutes\" \/>\n<script type=\"application\/ld+json\" class=\"yoast-schema-graph\">{\"@context\":\"https:\\\/\\\/schema.org\",\"@graph\":[{\"@type\":\"WebPage\",\"@id\":\"https:\\\/\\\/agritech.thegroapp.com\\\/fr\\\/terms-and-conditions\\\/\",\"url\":\"https:\\\/\\\/agritech.thegroapp.com\\\/fr\\\/terms-and-conditions\\\/\",\"name\":\"Termes et conditions - CRF Agritech\",\"isPartOf\":{\"@id\":\"https:\\\/\\\/agritech.thegroapp.com\\\/fr\\\/#website\"},\"datePublished\":\"2024-07-22T18:51:43+00:00\",\"dateModified\":\"2024-07-22T18:56:15+00:00\",\"breadcrumb\":{\"@id\":\"https:\\\/\\\/agritech.thegroapp.com\\\/fr\\\/terms-and-conditions\\\/#breadcrumb\"},\"inLanguage\":\"fr-FR\",\"potentialAction\":[{\"@type\":\"ReadAction\",\"target\":[\"https:\\\/\\\/agritech.thegroapp.com\\\/fr\\\/terms-and-conditions\\\/\"]}]},{\"@type\":\"BreadcrumbList\",\"@id\":\"https:\\\/\\\/agritech.thegroapp.com\\\/fr\\\/terms-and-conditions\\\/#breadcrumb\",\"itemListElement\":[{\"@type\":\"ListItem\",\"position\":1,\"name\":\"Home\",\"item\":\"https:\\\/\\\/agritech.thegroapp.com\\\/fr\\\/\"},{\"@type\":\"ListItem\",\"position\":2,\"name\":\"Termes et conditions\"}]},{\"@type\":\"WebSite\",\"@id\":\"https:\\\/\\\/agritech.thegroapp.com\\\/fr\\\/#website\",\"url\":\"https:\\\/\\\/agritech.thegroapp.com\\\/fr\\\/\",\"name\":\"CRF Agritech\",\"description\":\"Providing CRF products to Ontario Farmers\",\"potentialAction\":[{\"@type\":\"SearchAction\",\"target\":{\"@type\":\"EntryPoint\",\"urlTemplate\":\"https:\\\/\\\/agritech.thegroapp.com\\\/fr\\\/?s={search_term_string}\"},\"query-input\":{\"@type\":\"PropertyValueSpecification\",\"valueRequired\":true,\"valueName\":\"search_term_string\"}}],\"inLanguage\":\"fr-FR\"}]}<\/script>\n<!-- \/ Yoast SEO plugin. -->","yoast_head_json":{"title":"Termes et conditions - CRF Agritech","robots":{"index":"noindex","follow":"follow","max-snippet":"max-snippet:-1","max-image-preview":"max-image-preview:large","max-video-preview":"max-video-preview:-1"},"og_locale":"fr_FR","og_type":"article","og_title":"Termes et conditions - CRF Agritech","og_description":"&#13; Acceptation et droit d\u2019auteur &#13; &#13; CRF Agritech (ci-apr\u00e8s d\u00e9nomm\u00e9e \u00ab nous \u00bb, \u00ab notre \u00bb et \u00ab nos \u00bb) vous souhaite la bienvenue sur son site Web, sollio.ag (ci-apr\u00e8s d\u00e9nomm\u00e9 le \u00ab site Web \u00bb). Le site Web est g\u00e9r\u00e9 par CRF Agritech avec l\u2019aide de ses partenaires, le cas \u00e9ch\u00e9ant. Le site [&hellip;]","og_url":"https:\/\/agritech.thegroapp.com\/fr\/terms-and-conditions\/","og_site_name":"CRF Agritech","article_modified_time":"2024-07-22T18:56:15+00:00","twitter_card":"summary_large_image","twitter_misc":{"Dur\u00e9e de lecture estim\u00e9e":"8 minutes"},"schema":{"@context":"https:\/\/schema.org","@graph":[{"@type":"WebPage","@id":"https:\/\/agritech.thegroapp.com\/fr\/terms-and-conditions\/","url":"https:\/\/agritech.thegroapp.com\/fr\/terms-and-conditions\/","name":"Termes et conditions - CRF Agritech","isPartOf":{"@id":"https:\/\/agritech.thegroapp.com\/fr\/#website"},"datePublished":"2024-07-22T18:51:43+00:00","dateModified":"2024-07-22T18:56:15+00:00","breadcrumb":{"@id":"https:\/\/agritech.thegroapp.com\/fr\/terms-and-conditions\/#breadcrumb"},"inLanguage":"fr-FR","potentialAction":[{"@type":"ReadAction","target":["https:\/\/agritech.thegroapp.com\/fr\/terms-and-conditions\/"]}]},{"@type":"BreadcrumbList","@id":"https:\/\/agritech.thegroapp.com\/fr\/terms-and-conditions\/#breadcrumb","itemListElement":[{"@type":"ListItem","position":1,"name":"Home","item":"https:\/\/agritech.thegroapp.com\/fr\/"},{"@type":"ListItem","position":2,"name":"Termes et conditions"}]},{"@type":"WebSite","@id":"https:\/\/agritech.thegroapp.com\/fr\/#website","url":"https:\/\/agritech.thegroapp.com\/fr\/","name":"CRF Agritech","description":"Providing CRF products to Ontario Farmers","potentialAction":[{"@type":"SearchAction","target":{"@type":"EntryPoint","urlTemplate":"https:\/\/agritech.thegroapp.com\/fr\/?s={search_term_string}"},"query-input":{"@type":"PropertyValueSpecification","valueRequired":true,"valueName":"search_term_string"}}],"inLanguage":"fr-FR"}]}},"_links":{"self":[{"href":"https:\/\/agritech.thegroapp.com\/fr\/wp-json\/wp\/v2\/pages\/1590","targetHints":{"allow":["GET"]}}],"collection":[{"href":"https:\/\/agritech.thegroapp.com\/fr\/wp-json\/wp\/v2\/pages"}],"about":[{"href":"https:\/\/agritech.thegroapp.com\/fr\/wp-json\/wp\/v2\/types\/page"}],"author":[{"embeddable":true,"href":"https:\/\/agritech.thegroapp.com\/fr\/wp-json\/wp\/v2\/users\/9"}],"replies":[{"embeddable":true,"href":"https:\/\/agritech.thegroapp.com\/fr\/wp-json\/wp\/v2\/comments?post=1590"}],"version-history":[{"count":2,"href":"https:\/\/agritech.thegroapp.com\/fr\/wp-json\/wp\/v2\/pages\/1590\/revisions"}],"predecessor-version":[{"id":1595,"href":"https:\/\/agritech.thegroapp.com\/fr\/wp-json\/wp\/v2\/pages\/1590\/revisions\/1595"}],"wp:attachment":[{"href":"https:\/\/agritech.thegroapp.com\/fr\/wp-json\/wp\/v2\/media?parent=1590"}],"curies":[{"name":"wp","href":"https:\/\/api.w.org\/{rel}","templated":true}]}}